{"id":1399,"date":"2025-07-25T13:29:35","date_gmt":"2025-07-25T04:29:35","guid":{"rendered":"https:\/\/www.agr.kyushu-u.ac.jp\/lab\/ecohydrol\/?page_id=1399"},"modified":"2025-07-25T17:29:58","modified_gmt":"2025-07-25T08:29:58","slug":"%e7%a0%94%e7%a9%b6%e6%a5%ad%e7%b8%be-2","status":"publish","type":"page","link":"https:\/\/www.agr.kyushu-u.ac.jp\/lab\/ecohydrol\/%e7%a0%94%e7%a9%b6%e6%a5%ad%e7%b8%be-2\/","title":{"rendered":"\u7814\u7a76\u696d\u7e3e"},"content":{"rendered":"\n<div onclick=\"obj=document.getElementById('open').style; obj.display=(obj.display=='none')?'block':'none';\">\n<a style=\"cursor:pointer;\">\u25bc \u539f\u8457\u8ad6\u6587<\/a>\n<\/div>\n\n<div id=\"open\" style=\"display:none;clear:both;\">\n\n2025<br>\n\n<ul>\n<li>Kume T, Lin PH, Orrego M, Chung MH, Laplace S, Han SH (2025) Inconsistent interannual variations between net primary production and soil CO2 effluxes in a Moso bamboo forest, JOURNAL OF FOREST RESEARCH, 30(3): 234-241\n\n<li>Li ZQ, Li YD, Fu DC, Chiwa M, Wondzell S, Kasahara T (2025) Organic matter decomposition in a forest mountain stream with a sediment control dam in Japan, JOURNAL OF FOREST RESEARCH\n\n<li>\u6247 \u5927\u8f14, \u4e2d\u6751 \u7422\u78e8, \u6751\u7530 \u79c0\u4ecb, \u5c71\u5185 \u8015\u53f8\u6717, \u4eca\u6751 \u660e\u96c4, \u83f1 \u62d3\u96c4 (2025) \u4e5d\u5dde\u5927\u5b66\u798f\u5ca1\u6f14\u7fd2\u6797\u3068\u305d\u306e\u96a3\u63a5\u6c11\u6709\u6797\u306b\u304a\u3051\u308b\u30b3\u30ca\u30e9\u840e\u51cb\u75c5\u306e\u88ab\u5bb3\u3068\u4f10\u5012\u99c6\u9664\u306e\u7d4c\u904e, \u4e5d\u5dde\u68ee\u6797\u7814\u7a76, (78): 175-177\n\n<li>Nakamura M, Terada C, Ito K, Hiura T, Shibata H, Miki T, Saitoh TM, Takagi M, Hougen T, Matsuzaki SS, Watanabe M, Tado H, Hotta N, Kosugi Y, Aiko N, Kojima N, Katagiri N, Kishimoto K, Yoshida T, Tsunoda Y, Takamiya T, Ito K, Utsumi Y, Yoshikawa T, Kenta T, Oda M, Agetsuma N, Kawai M, Fujita T, Hishi T, Shimada H, Ichie T, Hoshizaki K, Kobayashi H, Seino T, Noguchi M, Nagamatsu D, Saito H, Tateno R, Ishihara MI, Kitagawa Y, Hisamoto Y, Homma K, Hirao T, Otani T, Toda M, Terada J, Kume T, Fukuzawa K, Takashima A, Kurose K, Fujii S, Itoh S, Ohta T, Otsuki K, Nagaike T, Hasegawa K, Makoto K, Shirahata M, Matsuki S, Hatanaka M, Suzuki S, Muro N, Yamoto T, Adachi N, Kaneko N, Yamashita T (2025) Physiological profiling of the soil microbe community using the EcoPlate and assessment of soil properties at 74 planted forest sites across Japan, ECOLOGICAL RESEARCH, 40(2): 228-242\n\n<li>Takeshige R, Htoo KK, Onishi M, Rahman FM, Hoshizaki K, Ida H, Ishihara MI, Itoh A, Kaneko T, Katayama A, Kuramoto S, Kurokawa H, Maki M, Masaka K, Nakaji T, Nakamura M, Nishimura N, Noguchi M, Sakai A, Takashima A, Tashiro N, Tokuchi N, Yamagawa H, Onoda Y (2025) High-resolution digital canopy height models, terrain models, ortho-mosaic photos, and canopy tree crown shapes derived from UAV-borne LiDAR at 22 tree census plots across Japanese natural forests, Ecological Research\n\n<li>Orita T, Hishi T, Kishimoto-Yamada K, Kurokawa H, Ohta M, Hyodo F (2025) Abiotic factors and plant traits affect the soil microbial properties in forests across the Japanese archipelago, Ecological Research\n\n<li>\u9ad8\u69fb \u6210\u7d00, \u963f\u90e8 \u96bc\u4eba, \u7247\u5c71 \u6b69\u7f8e (2025) \u4e5d\u5dde\u5317\u90e8\u306e\u4f4e\u5c71\u5730\u306b\u304a\u3051\u308b\u30cb\u30db\u30f3\u30b8\u30ab\u306e\u98df\u6027, \u54fa\u4e73\u985e\u79d1\u5b66, 65(1): 1-8\n\n<\/ul>\n\n2024<br>\n\n<ul>\n<li>Abe H, Fu D, Sato T, Tokumoto Y, Hyodo F, Katayama A (2024) Protection of understory vegetation by deer exclosure fences prevent the reduction of beech growth due to soil erosion., Journal of environmental management, 371: 1234146\n\n<li>Ding N, Yu W, Mo J, Rehman F, Kasahara T, Guo J (2024) Does exposure timing of macrolide antibiotics affect the development of river periphyton? Insights into the structure and function., Aquatic toxicology, 275: 107070\n\n<li>Uemori K, Hishi T (2024) Differences in sampling efficiency of each insect order in yellow pan traps with installation of flight interception windows, Entomological Science, 27(4): e12591\n\n<li>Abe H, Kume T, Katayama A (2024) Sensitivities of soil respiration and heterotrophic respiration to temperature in a cool-temperate forest with sika deer-induced understory vegetation alteration, EarthArXiv\n\n<li>Jeong S, Nanko K, Katayama A, Kume T, Koga S, Otsuki K (2024) Characteristics of throughfall kinetic energy in an unmanaged Japanese cypress plantation laden with dead branches, CATENA, 243: 108181\n\n<li>Tokumoto Y, Sakurai Y, Abe H, Katayama A (2024) Effects of deer-exclusion fences on soil microbial communities through understory environmental changes in a cool temperate deciduous forest in Southern Japan, FOREST ECOLOGY AND MANAGEMENT, 564: 121993\n\n<li>\u9ad8\u69fb \u6210\u7d00, \u7247\u5c71 \u6b69\u7f8e (2024) \u5bae\u5d0e\u770c\u690e\u8449\u6751\u306e\u4e5d\u5dde\u5927\u5b66\u5bae\u5d0e\u6f14\u7fd2\u6797\u306b\u304a\u3051\u308b\u30b7\u30ab\u306e\u98df\u6027, \u4fdd\u5168\u751f\u614b\u5b66\u7814\u7a76, 29(2): 171-177\n\n<li>Abe H, Kume T, Katayama A (2024) Reduction in forest carbon stocks by sika deer-induced stand structural alterations, Forest Ecology and Management, 562: 121938\n\n<li>Li ZQ, Fu DC, Kasahara T, Chiwa M (2024) Long-term Changes in Sulfate and Nitrate Concentrations in Streams in Western Japan Between 1986 and 2023 in Response to Changes in Sulfur and Nitrogen Deposition from the Atmosphere, WATER AIR AND SOIL POLLUTION, 235(6): 410\n\n<li>Liu YY, Chiwa M (2024) Influence of surface soil chemistry on nutrient leaching from Japanese cedar plantations and natural forests, LANDSCAPE AND ECOLOGICAL ENGINEERING, 20(2): 187-194\n\n<li>Abe H, Kume T, Hyodo F, Oyamada M, Katayama A (2024) Soil erosion under forest hampers beech growth: Impacts of understory vegetation degradation by sika deer, CATENA, 234: 107559\n\n<li>Tokumoto Y, Katayama A (2024) Effects of Pieris japonica (Ericaceae) dominance on cool temperate forest altered-understory environments and soil microbiomes in Southern Japan, PLOS ONE, 19(45658): e0296692\n\n<li>Ichihashi R, Katayama A (2024) Aboveground biomass and structural characteristics of poisonous Pieris japonica shrub stands dominating under deer pressure, JOURNAL OF FOREST RESEARCH, 29(5): 404-408\n\n<li>\u6247 \u5927\u8f14, \u6751\u7530 \u79c0\u4ecb, \u6751\u677e \u512a\u5b50, \u4e2d\u6751 \u7422\u78e8, \u4eca\u6751 \u660e\u96c4, \u83f1 \u62d3\u96c4 (2024) \u4e5d\u5dde\u5927\u5b66\u798f\u5ca1\u6f14\u7fd2\u6797\u306b\u304a\u3051\u308b\u30d6\u30ca\u79d1\u6a39\u6728\u840e\u51cb\u75c5\u306e\u767a\u751f\u3068\u30b3\u30ca\u30e9\u30fb\u30de\u30c6\u30d0\u30b7\u30a4\u67af\u6b7b\u6728\u306e\u4f10\u5012\u99c6\u9664, \u4e5d\u5dde\u68ee\u6797\u7814\u7a76, 77: 215-218\n\n<li>Liu Y, Chiwa M (2024) Influence of surface soil chemistry on nutrient leaching from Japanese cedar plantations and natural forests, LANDSCAPE AND ECOLOGICAL ENGINEERING, 20(2): 187-194\n\n<li>Hishi T, Uemori K, Tashiro N, Nakamura T (2024) Asymmetric environmental selection on intraspecific body size in Collembola communities along an elevational gradient in northern Japan., European Journal of Soil Biology, 120: 103596\n\n<li>Potapov AM, Chen TW, Striuchkova AV, Alatalo JM, Alexandre D, Arbea J, Ashton T, Ashwood F, Babenko AB, Bandyopadhyaya I, Baretta CRDM, Baretta D, Barnes AD, Bellini BC, Bendjaballah M, Berg MP, Bernava V, Bokhorst S, Bokova AI, Bolger T, Bouchard M, Brito RA, Buchori D, Casta\u00f1o-Meneses G, Chauvat M, Chomel M, Chow Y, Chown SL, Classen AT, Cortet J, \u010cuchta P, Pedrosa AMDL, De Lima ECA, Deharveng LE, Doblas Miranda E, Drescher J, Eisenhauer N, Ellers J, Ferlian O, Ferreira SSD, Ferreira AS, Fiera C, Filser J, Franken O, Fujii S, Gagnon Koudji E, Gao M, Gendreau-Berthiaume B, Gers C, Greve M, Hamra-Kroua S, Handa IT, Hasegawa M, Heiniger C, Hishi T, Holmstrup M, Homet P, H\u00f8ye TT, Ivask M, Jacques B, Janion-Scheepers C, Jochum M, Joimel S, Jorge BCS, Jucevi\u010da E, Kapinga EM, Kov\u00e1\u010d \u013d, Krab EJ, Krogh PH, Kuu A, Kuznetsova N, Lam WN, Lin D, Lindo Z, Liu AWP, Lu JZ, Luci\u00e1\u00f1ez MJ, Marx MT, Mawan A, McCary MA, Minor MA, Mitchell GI, Moreno D, Nakamori T, Negri I, Nielsen UN, Ochoa-Hueso R, Oliveira Filho LCI, Palacios-Vargas JG, Pollierer MM, Ponge JF, Potapov MB, Querner P, Rai B, Raschmanov\u00e1 N, Rashid MI, Raymond-L\u00e9onard LJ, Reis AS, Ross GM, Rousseau L, Russell DJ, Saifutdinov RA, Salmon S, Santonja M, Saraeva AK, Sayer EJ, Scheunemann N, Scholz C, Seeber J, Shaw P, Shveenkova YB, Slade EM, Stebaeva S, Sterzynska M, Sun X, Susanti WI, Taskaeva AA, Tay LS, Thakur MP, Treasure AM, Tsiafouli M, Twala MN, Uvarov AV, Venier LA, Widenfalk LA, Widyastuti R, Winck B, Winkler D, Wu D, Xie Z, Yin R, Zampaulo RA, Zeppelini D, Zhang B, Zoughailech A, Ashford O, Klauberg-Filho O, Scheu S (2024) Global fine-resolution data on springtail abundance and community structure, Scientific data, 11(1): 22\n\n<li>Tokumoto Y, Katayama A (2024) Effects of Pieris japonica (Ericaceae) dominance on cool temperate forest altered-understory environments and soil microbiomes in Southern Japan, PLOS ONE, 19(1): e0296692\n<\/ul>\n\n2023<br>\n<ul>\n<li>K. Matsumoto, K. Terasawa, S. Taniguchi, M. Ohashi, A. Katayama, T. Kume, A. Takashima: Spatial and seasonal variations in soil respiration in a subtropical forest in Okinawa, Japan, ECOLOGICAL RESEARCH, 38(3): 479-490\n\n<li>W. Ding, U. Tsunogai, F. Nakagawa, T. Sambuichi, M. Chiwa, T. Kasahara, K. Shinozuka: Stable isotopic evidence for the excess leaching of unprocessed atmospheric nitrate from forested catchments under high nitrogen saturation, BIOGEOSCIENCES, 20(3): 753-766\n\n<li>J. Lyu, G. Li, K. Otsuki, N. Yamanaka, Y. Wang, M. Yue, S. Du: Different transpiration and growth patterns of the black locust plantation and natural oak forest on China\u2019s Loess Plateau, Ecohydrology, 16(4): e2523\n<\/ul>\n\n2022<br>\n<ul>\n<li>Q-W. Chen, M-J. Liu, J. Lyu, G. Li, K. Otsuki, N. Yamanaka, S. Du: Characterization of dominant factors on evapotranspiration with seasonal soil water changes in two adjacent forests in the semiarid Loess Plateau, Journal of Hydrology, 613(B): 128427\n\n<li>I. Mizuki, Y. Sango, K. Ishida, Y. T. Hanba, M. Chiwa, Y. Uehara, A. Kume: Effects of sex and soil water chemistry on leaf morphology and physiology of Myrica gale var. tomentosa, PLOS ONE, 17(9)\n\n<li>H. Abe, A. Katayama, S. Taniguchi, A. Takashima, T. Kume, K. Matsumoto: Effects of differences in aboveground dead organic matter types on the stand-scale necromass and CO2 efflux estimates in a subtropical forest in Okinawa Island, Japan, ECOLOGICAL RESEARCH, 37(5): 609-622\n\n<li>K. Uemori, T. Mita, T. Hishi: Differences in functional trait responses to elevation among feeding guilds of Aculeata community, Ecology and Evolution, 12(8): e9171\n\n<li>C-Y. Lin, T. Miki, T. Kume: Potential Factors Canceling Interannual Cycles of Shoot Production in a Moso Bamboo (Phyllostachys pubescens) Stand, FRONTIERS IN FORESTS AND GLOBAL CHANGE, 5: 913426\n\n<li>M. Orrego, S. Ugawa, A. Inoue, S. Laplace, T. Kume, S. Koga, T. Hishi, T. Enoki: Climate, Soil, and Plant Controls on Early-Stage Litter Decomposition in Moso Bamboo Stands at a Regional Scale, FRONTIERS IN FORESTS AND GLOBAL CHANGE, 5: 921028\n\n<li>T. Hishi, E. Kawakami, A. Katayama: Changes in the abundance and species diversity of Collembola community along with dwarf bamboo density gradient in a mountainous temperate forest of Japan, Applied Soil Ecology, 180: 104606\n\n<li>M. Kobayashi, P. H. Templer, A. Katayama, O. Seki, K. Takagi: Early snowmelt by an extreme warming event affects understory more than overstory trees in Japanese temperate forests, ECOSPHERE, 13(7): e4182\n\n<li>K. Hiiragi, N. Matsuo, S. Sakai, K. Kawahara, T. Ichie, K. Tanaka, D. Chung, T. Kume, M. Nakagawa.: Water uptake patterns of tropical canopy trees in Borneo: species-specific and temporal variation and relationships with aboveground traits, Tree Physiology, 42(10): 1928-1942\n\n<li>Y. Shinohara, T. Kume: Changes in the factors contributing to the reduction of landslide fatalities between 1945 and 2019 in Japan, Science of Total Environment, 827: 154392\n\n<li>AD. del Campo, K. Otsuki, Y. Serengil, J. A. Blanco, R. Yousefpour, X. Wei: A global synthesis on the effects of thinning on hydrological processes: Implications for forest management, Forest Ecology and Management, 519: 120324\n\n<li>T. Kasahara, Y. Li, A. Tanaka.: Effects of dams and reservoirs on organic matter decomposition in the hyporheic zone in forest mountain streams, HYDROBIOLOGIA, 849: 2949-2965\n\n<li>M. Nakamura, C. Terada, K. Ito, K. Matsui, S. Niwa, M. Ishihara, K. Tanaka, T. Yoshikawa, T. Kadoya, T. Hiura, H. Muraoka, K. Ishida, N. Agetsuma, R. Nakamura, H. Sakio, M. Takagi, A. S. Mori, M. K. Kimura, H. Kurokawa, T. Enoki, T. Seino, A. Takashima, H. Kobayashi, K. Matsumoto, K. Takahashi, R. Tateno, T. Yoshida, T. Nakaji, M. Maki, K. Kobayashi, K. Fukuzawa, K. Hoshizaki, K. Ohta, K. Kobayashi, M. Hasegawa, S. N. Suzuki, M. Sakimoto, Y. Kitagawa, A. Sakai, H. Kondo, T. Ichie, K. Kageyama, A. Hieno, S. Kato, T. Otani, Y. Utsumi, T. Kume, K. Homma, K. Kishimoto, K. Masaka, K. Watanabe, M. Toda, D. Nagamatsu, Y. Miyazaki, T. Yamashita, N. Tokuchi: Evaluating the soil microbe community-level physiological profile using EcoPlate and soil properties at 33 forest sites across Japan, ECOLOGICAL RESEARCH, 37(3): 432-445\n\n<li>C. Tatsumi, T. Taniguchi, S. Du, Q. Chen, N. Yamanaka, K. Otsuki, R. Tateno: Differences in the short-term responses of soil nitrogen and microbial dynamics to soil moisture variation in two adjacent dryland forests, European Journal of Soil Biology, 110: 103394\n\n<li>S. Jeong, T. Kume, Y. Shinohara, M. Farahnak, K. Otsuki: Application of the Reformulated Gash Analytical Model for Rainfall Interception Loss to Unmanaged High-Density Coniferous Plantations Laden with Dead Branches, Forests, 13(5): 657\n\n<li>E. M. Uchida, A. Katayama, Y. Yasuda, T. Enoki, K. Otsuki, S. Koga, Y. Utsumi: Age-related changes in culm respiration of Phyllostachys pubescens culms with their anatomical and morphological traits, FRONTIERS IN FORESTS AND GLOBAL CHANGE, 5: 868732\n\n<li>Y. Shinohara, S. Iida, T. Oda, A. Katayama, K. Tsuruta, T. Sato, N. Tanaka, M. Su, S. Laplace, Y. Kijidani, T. Kume.: Are calibrations of sap flow measurements based on thermal dissipation needed for each sample in Japanese cedar and cypress trees?, TREES \u2013 STRUCTURE AND FUNCTION, 36: 1219-1229\n\n<li>D. M. Costello, S. D. Tiegs, L. Boyero, C. Canhoto, K. A. Capps, M. Danger, P. C. Frost, M. O. Gessner, N. A. Griffiths, H. M. Halvorson, K. A. Kuehn, A. M. Marcarelli, T. V. Royer, D. M. Mathie, R. J. Albari\u00f1o, C. P. Arango, J. Aroviita, C. V. Baxter, B. J. Bellinger, A. Bruder, F. J. Burdon, M. Callisto, A. Camacho, F. Colas, J. Cornut, V. Crespo-P\u00e9rez, W. F. Cross, A. M. Derry, M. M. Douglas, A. Elosegi, E. de Eyto, V. Ferreira, C. Ferriol, T. Fleituch, J. J. Follstad Shah, A. Frainer, E. A. Garcia, L. Garc\u00eda, P. E. Garc\u00eda, D. P. Giling, R. K. Gonzales-Pomar, M. A. S. Gra\u00e7a, H.-P. Grossart, F. Gu\u00e9rold, L. U. Hepp, S. N. Higgins, T. Hishi, C. I\u00f1iguez-Armijos, T. Iwata, A. E. Kirkwood, A. A. Koning, S. Kosten, H. Laudon, P. R. Leavitt, A. L. Lemes da Silva, S. J. Leroux, C. J. LeRoy, P. J. Lisi, F. O. Masese, P. B. McIntyre, B. G. McKie, A. O. Medeiros, M. Mili\u0161a, Y. Miyake, R. J. Mooney, T. Muotka, J. Nimptsch, R. Paavola, I. Pardo, I. Y. Parnikoza, C. J. Patrick, E. T. H. M. Peeters, J. Pozo, B. Reid, J. S. Richardson, J. Rinc\u00f3n, G. Risnoveanu, C. T. Robinson, A. C. Santamans, G. M. Simiyu, A. Skuja, J. Smykla, R. A. Sponseller, F. Teixeira-de Mello, S. Vilbaste, V. D. Villanueva, J. R. Webster, S. Woelfl, M. A. Xenopoulos, A. G. Yates, C. M. Yule, Y. Zhang, J. A. Zwart: Global Patterns and Controls of Nutrient Immobilization on Decomposing Cellulose in Riverine Ecosystems, Global Biogeochemical Cycles, 36(3): e2021GB007163\n\n<li>Chang, T., Kosugi, Y., Kume, T., Katayama, A., Okumura, M., Chang, K.: Dependance of isoprene emission flux on leaf mass per area of Phyllostachys pubescens (moso bamboo), Journal of Agricultural Meteorology, 78(1): D-21-00030\n\n<li>Farahnak, M., Mitsuyasu, K., Ide, J., Chiwa, M., Enoki, T., Jeong, S., Otsuki, K., Shimizu, K., Kume, A.: Soil pH and divalent cations after clear-cutting on a Japanese cypress plantation, Journal of Forest Research, 1-8\n\n<li>Hishi, T., Urakawa, R., Saitoh, S., Maeda, Y., Hyodo, F.: Topography is more important than forest type as a determinant for functional trait composition of Collembola community, Pedobiologia, 90: 150776\n\n<li>Kawakami, E., Ataka, M., Kume, T., Shimono, K., Harada, M., Hishi, T., Katayama, A.: Root exudation in a sloping Moso bamboo forest in relation to fine root biomass and traits, PLOS ONE, 17(3): e0266131\n\n<li>Lyu, J., He, Q., Chen, Q., Cheng, R., Li, G., Otsuki, K., Yamanaka, N., Du, S: Distinct transpiration characteristics of black locust plantations acclimated to semiarid and subhumid sites in the Loess Plateau, China. Agricultural Water Management, 262: 107402\n\n<li>Nagano, N., Kume, T., Utsumi, Y., Tashiro, N., Otsuki, K., Chiwa, M.: Negligible Response of Transpiration to Late-Summer Nitrogen Fertilization in Japanese Oak (Quercus crispula), Nitrogen, 3(1): 76-89\n\n<li>Shimono, K., Katayama, A., Kume, T., Enoki, T., Chiwa, M., Hishi, T.: Differences in net primary production allocation and nitrogen use efficiency between Moso bamboo and Japanese cedar forests along a slope, Journal of Forest Research, 27(1): 28-35\n<\/ul>\n\n2021<br>\n<ul>\n<li>Katayama, A., Endo, I., Makita, N., Matsumoto, K., Kume, T., Ohashi, M.: Vertical variation in mass and CO2 efflux of litter from the ground to the 40m high canopy in a Bornean tropical rainforest, Agricultural and Forest Meteorology, 311: 108659\n\n<li>Nishio, S., Takada, N., Terakami, S., Takeuchi, Y., Kimura, M. K., Isoda, K., Saito, T., Iketani, H.: Genetic structure analysis of cultivated and wild chestnut populations reveals gene flow from cultivars to natural stands, Scientific Reports, 11(1): 240\n\n<li>\u4e0a\u68ee \u6559\u6148, \u5927\u5c0d \u6842\u4e00: \u4e5d\u5dde\u521d\u8a18\u9332\u306e\u30ca\u30f3\u30d6\u30b8\u30ac\u30d0\u30c1\u30e2\u30c9\u30ad, KORASANA, 97: 7\n\n<li>\u4e0a\u68ee \u6559\u6148, \u5916\u6751 \u4fca\u8f14: \u798f\u5ca1\u770c\u7be0\u6817\u753a\u306b\u304a\u3051\u308b\u30ae\u30f3\u30b9\u30b8\u30d2\u30b2\u30ca\u30ac\u306e\u65b0\u7523\u5730, KORASANA, 97: 8-9\n\n<li>\u83ca\u6c60 \u96bc\u4eba, \u5c71\u5185 \u5065\u751f, \u62bc\u7530 \u9f8d\u592b: \u3010\u77ed\u5831\u3011\u30a8\u30be\u30d5\u30af\u30ed\u30a6\u306e\u30da\u30ea\u30c3\u30c8\u304b\u3089\u63a1\u96c6\u3055\u308c\u305f\u30d8\u30ea\u30c8\u30b2\u30b3\u30d6\u30b9\u30b8\u30b3\u30ac\u30cd, \u3055\u3084\u3070\u306d\u30cb\u30e5\u30fc\u30b7\u30ea\u30fc\u30ba, 44: 51-52\n\n<li>Shibata, H., Ban, R., Hirano, N., Eguchi, S., Mishima, S., Chiwa, M., Yamashita, N.: Comparison of spatial and temporal changes in riverine nitrate concentration from terrestrial basins to the sea between the 1980s and the 2000s in Japan: Impact of recent demographic shifts, Environmental Pollution, 288: 117695\n\n<li>Chiwa, M.: Long-term changes in atmospheric nitrogen deposition and stream water nitrate leaching from forested watersheds in western Japan, Environmental Pollution, 287: 117634\n\n<li>Jeong, S., Otsuki, K.: Effects of tree mortality on the estimation of stemflow yield in a self-thinning coniferous plantation, Ecohydrology, 14(7): e2327\n\n<li>Uemori, K., Mita, T., Hishi, T.: Changes in species, functional, and phylogenetic diversity of Aculeata communities along elevational gradients in the Kyushu Central Mountains of the Japanese archipelago, Ecological research, 36(5): 778-787\n\n<li>Kwon, T., Shibata, H., Kepfer-Rojas, S., Schmidt, I. K., Larsen, K. S., Beier, C., Berg, B., Verheyen, K.,\n<\/ul>\n<\/div>\n<hr align=\"left\">\n\n\n\n<div style=\"height:15px\" aria-hidden=\"true\" class=\"wp-block-spacer\"><\/div>\n\n\n\n<div onclick=\"obj=document.getElementById('open1').style; obj.display=(obj.display=='none')?'block':'none';\">\n<a style=\"cursor:pointer;\">\u25bc \u535a\u58eb\u8ad6\u6587<\/a>\n<\/div>\n\n<div id=\"open1\" style=\"display:none;clear:both;\">\n\n2024<br>\n<ul>\n<li>Impacts of natural disturbances on forest carbon sequestration: Perspectives from frequent typhoons and prolonged intensive deer herbivory\uff08\u81ea\u7136\u64b9\u4e71\u304c\u68ee\u6797\u306e\u70ad\u7d20\u9694\u96e2\u6a5f\u80fd\u306b\u53ca\u307c\u3059\u5f71\u97ff\uff1a\u983b\u767a\u3059\u308b\u53f0\u98a8\u53ca\u3073\u7d99\u7d9a\u3059\u308b\u30b7\u30ab\u306b\u3088\u308b\u5f37\u5ea6\u306a\u690d\u751f\u63a1\u98df\u306e\u4e8c\u4e8b\u4f8b\uff09\n<\/ul>\n\n2023<br>\n<ul>\n<li>Environmental responses of Aculeata assemblages in forest ecosystems (\u68ee\u6797\u751f\u614b\u7cfb\u306b\u304a\u3051\u308b\u6709\u5263\u30cf\u30c1\u7fa4\u96c6\u306e\u74b0\u5883\u5fdc\u7b54)\n<li>Response of nitrogen cycling to atmospheric nitrogen deposition in Japanese forests\uff08\u65e5\u672c\u306e\u68ee\u6797\u57df\u306b\u304a\u3051\u308b\u5927\u6c17\u7a92\u7d20\u6c88\u7740\u306b\u5bfe\u3059\u308b\u7a92\u7d20\u5faa\u74b0\u306e\u5fdc\u7b54\u6027\u306b\u95a2\u3059\u308b\u7814\u7a76\uff09\n<\/ul>\n<\/div>\n<hr align=\"left\">\n\n\n\n<div style=\"height:15px\" aria-hidden=\"true\" class=\"wp-block-spacer\"><\/div>\n\n\n\n<div onclick=\"obj=document.getElementById('open2').style; obj.display=(obj.display=='none')?'block':'none';\">\n<a style=\"cursor:pointer;\">\u25bc \u4fee\u58eb\u8ad6\u6587<\/a>\n<\/div>\n\n<div id=\"open2\" style=\"display:none;clear:both;\">\n\n2024<br>\n<ul>\n<li>\u5927\u6c17\u7531\u6765\u306e\u786b\u9ec4\u304a\u3088\u3073\u7a92\u7d20\u6c88\u7740\u91cf\u306e\u5909\u5316\u306b\u5bfe\u3059\u308b\u6e13\u6d41\u6c34\u8cea\u306e\u5fdc\u7b54\n<li>Factors influencing cellulose decomposition in forest cypress (Chamaecyparis obtuse) plantation subjected to thinning treatments along slope positions\n<\/ul>\n2023<br>\n<ul>\n<li>\u4e5d\u5dde\u5c71\u5cb3\u30d6\u30ca\u6797\u306b\u304a\u3051\u308b\u30b5\u30b5\u306e\u6d88\u5931\u304c\u571f\u58cc\u7279\u6027\u304a\u3088\u3073\u5fae\u751f\u7269\u547c\u5438\u306b\u4e0e\u3048\u308b\u5f71\u97ff\n<\/ul>\n\n2022<br>\n<ul>\n<li>\u975e\u7ba1\u7406\u9ad8\u5bc6\u5ea6\u30d2\u30ce\u30ad\u4eba\u5de5\u6797\u306b\u304a\u3051\u308b\u96e8\u6c34\u914d\u5206\n<li>\u653e\u68c4\u7af9\u6797\u3068\u30b9\u30ae\u4eba\u5de5\u6797\u304b\u3089\u306e\u785d\u9178\u5869\u6eb6\u8131\u91cf\u306e\u6bd4\u8f03\uff1a\u785d\u9178\u5869\u6eb6\u8131\u306e\u6291\u5236\u306b\u304a\u3051\u308b\u690d\u751f\u306e\u5f79\u5272\n<li>Soil Respiration and Its Components in Response to Environmental Factors in two Phyllostachys Forests\n<li>\u4e0b\u5c64\u690d\u751f\u304c\u6d88\u5931\u3057\u305f\u4e5d\u5dde\u5357\u90e8\u5c71\u5cb3\u6797\u306b\u304a\u3051\u308b\u571f\u58cc\u6d78\u98df\u3068\u30d6\u30ca\u8870\u9000\u3068\u306e\u95a2\u4fc2\n<\/ul>\n2021<br>\n<ul>\n<li>\u5927\u6c17\u7a92\u7d20\u6c88\u7740\u91cf\u5897\u52a0\u306b\u5bfe\u3059\u308b\u30df\u30ba\u30ca\u30e9\u306e\u84b8\u6563\u306e\u5fdc\u7b54\u3068\u4e0b\u5c64\u690d\u751f\u306e\u5f79\u5272\n<li>\u30d2\u30ce\u30ad\u4eba\u5de5\u6797\u306b\u304a\u3051\u308b\u9593\u4f10\u304c\u6a39\u5e79\u901a\u904e\u96e8\u306e\u96e8\u6ef4\u904b\u52d5\u30a8\u30cd\u30eb\u30ae\u30fc\u306b\u4e0e\u3048\u308b\u5f71\u97ff\n<\/ul>\n<\/div>\n<hr align=\"left\">\n\n\n\n<div style=\"height:15px\" aria-hidden=\"true\" class=\"wp-block-spacer\"><\/div>\n\n\n\n<div onclick=\"obj=document.getElementById('open3').style; obj.display=(obj.display=='none')?'block':'none';\">\n<a style=\"cursor:pointer;\">\u25bc \u5352\u696d\u8ad6\u6587<\/a>\n<\/div>\n\n<div id=\"open3\" style=\"display:none;clear:both;\">\n\n2024<br>\n<ul>\n<li>\u7af9\u6797\u3068\u96a3\u63a5\u3059\u308b\u5e38\u7dd1\u5e83\u8449\u6a39\u6797\u306b\u304a\u3051\u308b\u30ea\u30bf\u30fc\u5206\u89e3\u306e\u9055\u3044\n<li>\u91cc\u5c71\u306e\u30e2\u30a6\u30bd\u30a6\u30c1\u30af\u6797\u3001\u30b9\u30ae\u6797\u3001\u5e83\u8449\u6a39\u6797\u3067\u306e\u571f\u58cc\u547c\u5438\u91cf\u3068\u305d\u306e\u6210\u5206\u306e\u9055\u3044\n<\/ul>\n\n2023<br>\n<ul>\n<li>\u30b7\u30ab\u306b\u3088\u308b\u4e0b\u5c64\u690d\u751f\u306e\u5909\u5316\u304c\u571f\u58cc\u751f\u614b\u7cfb\u6a5f\u80fd\u306b\u4e0e\u3048\u308b\u5f71\u97ff-\u4e5d\u5dde\u5c71\u5cb3\u30d6\u30ca\u6797\u306e\u4e8b\u4f8b-\n<li>\u5168\u56fd\u306e\u68ee\u6797\u306b\u304a\u3051\u308b\u7d30\u6839\u751f\u7523\u91cf\u306e\u63a8\u5b9a\u3068\u5909\u52d5\u8981\u56e0\u306e\u89e3\u660e\n<li>\u30ab\u30b7\u30ce\u30ca\u30ac\u30ad\u30af\u30a4\u30e0\u30b7\u306b\u3088\u308b\u30b3\u30ca\u30e9\u500b\u4f53\u306e\u67af\u6b7b\u304c\u571f\u58cc\u7121\u810a\u690e\u52d5\u7269\u7fa4\u96c6\u306e\u69cb\u9020\u306b\u53ca\u307c\u3059\u5f71\u97ff\n<\/ul>\n\n2021<br>\n<ul>\n<li>\u571f\u58cc\u6d78\u98df\u304c\u68ee\u6797\u571f\u58cc\u306e\u751f\u614b\u7cfb\u6a5f\u80fd\u306b\u4e0e\u3048\u308b\u5f71\u97ff\n<li>\u6e13\u6d41\u5185\u3067\u306e\u6709\u6a5f\u7269\u306e\u8caf\u7559\u3068\u30ea\u30bf\u30fc\u5206\u89e3\u306e\u7a7a\u9593\u7684\u5909\u52d5\n<li>\u30b9\u30ad\u30e3\u30ca\u30fc\u6cd5\u3092\u7528\u3044\u305f\u30e2\u30a6\u30bd\u30a6\u30c1\u30af\u6797\u306e\u6839\u7cfb\u52d5\u614b\u306e\u5b9f\u614b\u89e3\u660e\n<\/ul>\n<\/div>\n<hr align=\"left\">\n\n\n\n<p><\/p>\n","protected":false},"excerpt":{"rendered":"<p>\u25bc \u539f\u8457\u8ad6\u6587 2025 Kume T, Lin PH, Orrego M, Chung MH, Laplace S, Han SH (2025) Inconsistent interannual variations b [&hellip;]<\/p>\n","protected":false},"author":1,"featured_media":0,"parent":0,"menu_order":0,"comment_status":"closed","ping_status":"closed","template":"","meta":{"vkexunit_cta_each_option":"","footnotes":""},"class_list":["post-1399","page","type-page","status-publish","hentry"],"_links":{"self":[{"href":"https:\/\/www.agr.kyushu-u.ac.jp\/lab\/ecohydrol\/wp-json\/wp\/v2\/pages\/1399","targetHints":{"allow":["GET"]}}],"collection":[{"href":"https:\/\/www.agr.kyushu-u.ac.jp\/lab\/ecohydrol\/wp-json\/wp\/v2\/pages"}],"about":[{"href":"https:\/\/www.agr.kyushu-u.ac.jp\/lab\/ecohydrol\/wp-json\/wp\/v2\/types\/page"}],"author":[{"embeddable":true,"href":"https:\/\/www.agr.kyushu-u.ac.jp\/lab\/ecohydrol\/wp-json\/wp\/v2\/users\/1"}],"replies":[{"embeddable":true,"href":"https:\/\/www.agr.kyushu-u.ac.jp\/lab\/ecohydrol\/wp-json\/wp\/v2\/comments?post=1399"}],"version-history":[{"count":10,"href":"https:\/\/www.agr.kyushu-u.ac.jp\/lab\/ecohydrol\/wp-json\/wp\/v2\/pages\/1399\/revisions"}],"predecessor-version":[{"id":1414,"href":"https:\/\/www.agr.kyushu-u.ac.jp\/lab\/ecohydrol\/wp-json\/wp\/v2\/pages\/1399\/revisions\/1414"}],"wp:attachment":[{"href":"https:\/\/www.agr.kyushu-u.ac.jp\/lab\/ecohydrol\/wp-json\/wp\/v2\/media?parent=1399"}],"curies":[{"name":"wp","href":"https:\/\/api.w.org\/{rel}","templated":true}]}}